{"id":11140,"date":"2021-01-28T14:49:41","date_gmt":"2021-01-28T12:49:41","guid":{"rendered":"http:\/\/18.193.116.228\/?page_id=11140"},"modified":"2026-03-19T12:19:18","modified_gmt":"2026-03-19T10:19:18","slug":"privacy-policy","status":"publish","type":"page","link":"https:\/\/wowflow.com\/en\/privacy-policy\/","title":{"rendered":"Privacy Policy"},"content":{"rendered":"\t\t<div data-elementor-type=\"wp-page\" data-elementor-id=\"11140\" class=\"elementor elementor-11140 elementor-11142\" data-elementor-post-type=\"page\">\n\t\t\t\t\t\t<section class=\"elementor-section elementor-top-section elementor-element elementor-element-f967fd3 elementor-section-stretched elementor-section-boxed elementor-section-height-default elementor-section-height-default\" data-id=\"f967fd3\" data-element_type=\"section\" data-settings=\"{&quot;stretch_section&quot;:&quot;section-stretched&quot;,&quot;background_background&quot;:&quot;gradient&quot;}\">\n\t\t\t\t\t\t<div class=\"elementor-container elementor-column-gap-default\">\n\t\t\t\t\t<div class=\"elementor-column elementor-col-33 elementor-top-column elementor-element elementor-element-0e88b88\" data-id=\"0e88b88\" data-element_type=\"column\">\n\t\t\t<div class=\"elementor-widget-wrap\">\n\t\t\t\t\t\t\t<\/div>\n\t\t<\/div>\n\t\t\t\t<div class=\"elementor-column elementor-col-33 elementor-top-column elementor-element elementor-element-139f61f\" data-id=\"139f61f\" data-element_type=\"column\">\n\t\t\t<div class=\"elementor-widget-wrap elementor-element-populated\">\n\t\t\t\t\t\t<div class=\"elementor-element elementor-element-c3ec6a5 elementor-widget elementor-widget-heading\" data-id=\"c3ec6a5\" data-element_type=\"widget\" data-widget_type=\"heading.default\">\n\t\t\t\t<div class=\"elementor-widget-container\">\n\t\t\t\t\t<h1 class=\"elementor-heading-title elementor-size-default\">Privacy Policy<\/h1>\t\t\t\t<\/div>\n\t\t\t\t<\/div>\n\t\t\t\t<div class=\"elementor-element elementor-element-8ec81cb elementor-widget elementor-widget-text-editor\" data-id=\"8ec81cb\" data-element_type=\"widget\" data-widget_type=\"text-editor.default\">\n\t\t\t\t<div class=\"elementor-widget-container\">\n\t\t\t\t\t\t\t\t\t<p>Wowflow GmbH<\/p>\t\t\t\t\t\t\t\t<\/div>\n\t\t\t\t<\/div>\n\t\t\t\t\t<\/div>\n\t\t<\/div>\n\t\t\t\t<div class=\"elementor-column elementor-col-33 elementor-top-column elementor-element elementor-element-dd15e2b\" data-id=\"dd15e2b\" data-element_type=\"column\">\n\t\t\t<div class=\"elementor-widget-wrap\">\n\t\t\t\t\t\t\t<\/div>\n\t\t<\/div>\n\t\t\t\t\t<\/div>\n\t\t<\/section>\n\t\t\t\t<section class=\"elementor-section elementor-top-section elementor-element elementor-element-c562eb3 elementor-section-boxed elementor-section-height-default elementor-section-height-default\" data-id=\"c562eb3\" data-element_type=\"section\" data-settings=\"{&quot;background_background&quot;:&quot;classic&quot;}\">\n\t\t\t\t\t\t<div class=\"elementor-container elementor-column-gap-default\">\n\t\t\t\t\t<div class=\"elementor-column elementor-col-100 elementor-top-column elementor-element elementor-element-e14dc00\" data-id=\"e14dc00\" data-element_type=\"column\">\n\t\t\t<div class=\"elementor-widget-wrap elementor-element-populated\">\n\t\t\t\t\t\t<section class=\"elementor-section elementor-inner-section elementor-element elementor-element-3ac9d58 elementor-section-boxed elementor-section-height-default elementor-section-height-default\" data-id=\"3ac9d58\" data-element_type=\"section\">\n\t\t\t\t\t\t<div class=\"elementor-container elementor-column-gap-default\">\n\t\t\t\t\t<div class=\"elementor-column elementor-col-100 elementor-inner-column elementor-element elementor-element-54ff429\" data-id=\"54ff429\" data-element_type=\"column\">\n\t\t\t<div class=\"elementor-widget-wrap elementor-element-populated\">\n\t\t\t\t\t\t<div class=\"elementor-element elementor-element-7933935 elementor-widget elementor-widget-text-editor\" data-id=\"7933935\" data-element_type=\"widget\" data-widget_type=\"text-editor.default\">\n\t\t\t\t<div class=\"elementor-widget-container\">\n\t\t\t\t\t\t\t\t\t<p>Der Schutz Ihrer pers\u00f6nlichen Daten ist uns wichtig. Wir verarbeiten Ihre Daten ausschlie\u00dflich im Rahmen der gesetzlichen Bestimmungen (DSGVO, DSG 2000, TKG 2003). Nachfolgend informieren wir Sie \u00fcber die wichtigsten Aspekte der Datenverarbeitung im Rahmen unserer Website.<\/p>\n<p><strong>F\u00fcr die Datenverarbeitung Verantwortlicher:<\/strong><\/p>\n<p>Wowflow GmbH<br>FN 499060 m<\/p>\n<p>Margaretentsra\u00dfe 70\/1\/9<br>p\/A The Base<br>1050 Wien<\/p>\n<p>Email Adresse: hello@wowflow.com<br>Telefonnummer: +43 660 545 25 26<\/p>\n<p><strong>Datenschutzbeauftragter<\/strong><\/p>\n<p>Ein Datenschutzbeauftragter wurde nicht bestellt.<\/p>\n<p><strong>Kontakt mit uns<\/strong><\/p>\n<p>Wenn Sie per Formular auf der Website oder per E-Mail-Kontakt mit uns aufnehmen, werden Ihre angegebenen Daten zwecks Bearbeitung der Anfrage und f\u00fcr den Fall von weiteren Fragen 24 Monate bei uns gespeichert. Diese Daten geben wir nicht ohne Ihre Einwilligung weiter.<\/p>\n<p><strong>Cookies<\/strong><\/p>\n<p>Unsere Website verwendet Cookies. Dabei handelt es sich um kleine Textdateien, die mit Hilfe des Browsers auf Ihrem Endger\u00e4t abgelegt werden. Sie richten keinen Schaden an Ihrem Endger\u00e4t an.<\/p>\n<p>Wir nutzen Cookies dazu, unser Angebot nutzerfreundlich zu gestalten. Einige Cookies bleiben auf Ihrem Endger\u00e4t gespeichert, bis Sie diese l\u00f6schen. Dies erm\u00f6glicht uns, Ihren Browser beim n\u00e4chsten Besuch wiederzuerkennen.<\/p>\n<p>Wenn Sie dies nicht w\u00fcnschen, k\u00f6nnen Sie Ihren Browser so einrichten, dass er Sie \u00fcber das Setzen von Cookies informiert und Sie dies nur im Einzelfall zulassen.<\/p>\n<p>Bei der Deaktivierung von Cookies kann die Funktionalit\u00e4t unserer Website eingeschr\u00e4nkt sein.<\/p>\n<p><strong>Web-Analyse<\/strong><\/p>\n<p>Unsere Website verwendet auf Grundlage unserer berechtigten Interessen (d.h. Interesse an der Analyse, Optimierung und wirtschaftlichem Betrieb unseres Onlineangebotes im Sinne des Art. 6 Abs. 1 lit. f. DSGVO) Funktionen des Webanalysedienstes Google Analytics. Google Analytics ist ein Webanalysedienst, der von Google Inc. (1600 Amphitheatre Parkway, Mountain View, CA 94043, United States) betrieben und bereitgestellt wird. Google verarbeitet die Daten zur Website-Nutzung in unserem Auftrag und verpflichtet sich vertraglich zu Ma\u00dfnahmen, um die Vertraulichkeit der verarbeiteten Daten zu gew\u00e4hrleisten. Dazu werden Cookies verwendet, die eine Analyse der Benutzung der Website durch ihre BenutzerInnen erm\u00f6glicht. Die dadurch erzeugten Informationen \u00fcber die Benutzung unseres Onlineangebotes werden auf den Server von Google in den USA \u00fcbertragen und dort gespeichert.<\/p>\n<p>Google ist unter dem Privacy-Shield-Abkommen zertifiziert und bietet hierdurch eine Garantie, das europ\u00e4ische Datenschutzrecht einzuhalten (<a href=\"https:\/\/www.privacyshield.gov\/participant?id=a2zt000000001L5AAI&amp;status=Active\" target=\"_blank\" rel=\"noopener\">https:\/\/www.privacyshield.gov\/participant?id=a2zt000000001L5AAI&amp;status=Active<\/a>).<\/p>\n<p>Google wird diese Informationen in unserem Auftrag benutzen, um die Nutzung unseres Onlineangebotes durch die Nutzer auszuwerten, um Reports \u00fcber die Aktivit\u00e4ten innerhalb dieses Onlineangebotes zusammenzustellen und um weitere, mit der Nutzung dieses Onlineangebotes und der Internetnutzung verbundene Dienstleistungen, uns gegen\u00fcber zu erbringen. Dabei k\u00f6nnen aus den verarbeiteten Daten pseudonyme Nutzungsprofile der Nutzer erstellt werden.<\/p>\n<p><span style=\"color: var( --e-global-color-text ); font-family: var( --e-global-typography-text-font-family ), Sans-serif; font-weight: var( --e-global-typography-text-font-weight ); letter-spacing: -0.2px; display: inline !important;\">Wir setzen Google Analytics nur mit aktivierter IP-Anonymisierung ein. Das bedeutet, die IP-Adresse der Nutzer wird von Google innerhalb von Mitgliedstaaten der Europ\u00e4ischen Union oder in anderen Vertragsstaaten des Abkommens \u00fcber den Europ\u00e4ischen Wirtschaftsraum gek\u00fcrzt. Nur in Ausnahmef\u00e4llen wird die volle IP-Adresse an einen Server von Google in den USA \u00fcbertragen und dort gek\u00fcrzt.<\/span><\/p>\n<p>Die von dem Browser des Nutzers \u00fcbermittelte IP-Adresse wird nicht mit anderen Daten von Google zusammengef\u00fchrt. Die Nutzer k\u00f6nnen die Speicherung der Cookies durch eine entsprechende Einstellung ihrer Browser-Software verhindern; die Nutzer k\u00f6nnen dar\u00fcber hinaus die Erfassung der durch das Cookie erzeugten und auf ihre Nutzung des Onlineangebotes bezogenen Daten an Google sowie die Verarbeitung dieser Daten durch Google verhindern, indem sie das unter folgendem Link verf\u00fcgbare Browser-Plugin herunterladen und installieren: <a href=\"http:\/\/tools.google.com\/dlpage\/gaoptout?hl=de\" target=\"_blank\" rel=\"noopener\">http:\/\/tools.google.com\/dlpage\/gaoptout?hl=de<\/a>.<\/p>\n<p>Zus\u00e4tzlich oder als Alternative zum Browser-Add-On k\u00f6nnen Sie das Tracking durch Google Analytics auf unseren Seiten unterbinden, indem Sie diesen Link anklicken. Dabei wird ein Opt-Out-Cookie auf Ihrem Ger\u00e4t installiert. Damit wird die Erfassung durch Google Analytics f\u00fcr diese Website und f\u00fcr diesen Browser zuk\u00fcnftig verhindert, so lange der Cookie in Ihrem Browser installiert bleibt.<\/p>\n<p>Weitere Informationen zur Datennutzung durch Google, Einstellungs- und Widerspruchsm\u00f6glichkeiten, erfahren Sie in der Datenschutzerkl\u00e4rung von Google (<a href=\"https:\/\/policies.google.com\/technologies\/ads\" target=\"_blank\" rel=\"noopener\">https:\/\/policies.google.com\/technologies\/ads<\/a>) sowie in den Einstellungen f\u00fcr die Darstellung von Werbeeinblendungen durch Google (<a href=\"https:\/\/adssettings.google.com\/authenticated\" target=\"_blank\" rel=\"noopener\">https:\/\/adssettings.google.com\/authenticated<\/a>).<\/p>\n<p>Die personenbezogenen Daten der Nutzer werden nach 24 Monaten gel\u00f6scht oder anonymisiert.<\/p>\n<p><strong>1. Betroffenenrechte<\/strong><\/p>\n<p>a. Auskunftsrecht<\/p>\n<p>Sie haben das Recht auf Auskunft \u00fcber die von Adage GmbH verarbeiteten personenbezogenen Daten.<\/p>\n<p>b. Recht auf Berichtigung<\/p>\n<p>Sie haben weiter das Recht, die Berichtigung sie betreffender unrichtiger personenbezogener Daten sowie die Vervollst\u00e4ndigung unvollst\u00e4ndiger personenbezogener Daten zu verlangen.<\/p>\n<p>c. Recht auf L\u00f6schung<\/p>\n<p>Sie sind berechtigt, die L\u00f6schung der sie betreffenden personenbezogenen Daten zu verlangen. Wir werden Ihre personenbezogenen Daten l\u00f6schen, wenn<\/p>\n<ul>\n<li>die personenbezogenen Daten f\u00fcr die Zwecke, f\u00fcr die sie erhoben oder auf sonstige Weise verarbeitet wurden, nicht mehr notwendig sind;<\/li>\n<li>eine f\u00fcr die Verarbeitung erforderliche Einwilligung widerrufen wird;<\/li>\n<li>die personenbezogenen Daten unrechtm\u00e4\u00dfig verarbeitet wurden;<\/li>\n<li>die L\u00f6schung der personenbezogenen Daten zur Erf\u00fcllung einer gesetzlichen Verpflichtung erforderlich ist.<\/li>\n<\/ul>\n<p>Von der L\u00f6schung ausgenommen sind Daten, die Adage GmbH zur Geltendmachung, Aus\u00fcbung oder Verteidigung von Rechtsanspr\u00fcchen ben\u00f6tigt sowie Daten, die Adage GmbH aufgrund zwingender Bestimmungen aufbewahren muss.<\/p>\n<p>d. Widerrufsrecht<\/p>\n<p>Sie k\u00f6nnen eine etwaig erteilte Einwilligung in die Erhebung und Speicherung Ihrer personenbezogenen Daten jederzeit ganz oder teilweise mit Wirkung f\u00fcr die Zukunft widerrufen. Im Falle Ihres Widerrufs k\u00f6nnen gegebenenfalls bestimmte Dienste nicht mehr oder nur noch eingeschr\u00e4nkt erbracht werden.<\/p>\n<p>e. Weitere Betroffenenrechte<\/p>\n<p>Ihnen kann weiterhin ein Recht auf Einschr\u00e4nkung der Verarbeitung Ihrer Daten sowie ein Recht auf Erhalt der von Ihnen bereitgestellten personenbezogenen Daten in einem strukturierten, g\u00e4ngigen und maschinenlesbaren Format zustehen.<\/p>\n<p>f. Geltendmachung der Rechte<\/p>\n<p>Erkl\u00e4rungen bzw Anfragen nach diesem Punkt der Datenschutzerkl\u00e4rung sind schriftlich an den in Punkt 1. genannten Verantwortlichen zu richten.<\/p>\n<p><strong>2. Beschwerderecht<\/strong><\/p>\n<p>Wenn Sie glauben, dass die Verarbeitung Ihrer Daten gegen das Datenschutzrecht verst\u00f6\u00dft oder Ihre datenschutzrechtlichen Anspr\u00fcche in einer anderen Weise verletzt worden sind, haben sie das Recht, sich mit einer Beschwerde an die Datenschutzbeh\u00f6rde zu wenden.<\/p>\n<p>Beschwerden sind zu richten an:<\/p>\n<p>\u00d6sterreichische Datenschutzbeh\u00f6rde<br>Hohenstaufengasse 3<br>1010 Wien<\/p>\n<p>Telefon: +43153115-202525<br>Telefax: +43153115-202690<br>E-Mail: dsb@dsb.gv.at<\/p>\n<p><strong>3. \u00c4nderungen dieser Datenschutzerkl\u00e4rung<\/strong><\/p>\n<p>Adage GmbH beh\u00e4lt sich das Recht vor, diese Datenschutzerkl\u00e4rung nach Bedarf, insbesondere bei \u00c4nderung von datenschutzrechtlichen Anforderungen, anzupassen.<\/p>\t\t\t\t\t\t\t\t<\/div>\n\t\t\t\t<\/div>\n\t\t\t\t\t<\/div>\n\t\t<\/div>\n\t\t\t\t\t<\/div>\n\t\t<\/section>\n\t\t\t\t\t<\/div>\n\t\t<\/div>\n\t\t\t\t\t<\/div>\n\t\t<\/section>\n\t\t\t\t<\/div>\n\t\t","protected":false},"excerpt":{"rendered":"<p>Privacy Policy Wowflow GmbH Der Schutz Ihrer pers\u00f6nlichen Daten ist uns wichtig. Wir verarbeiten Ihre Daten ausschlie\u00dflich im Rahmen der gesetzlichen Bestimmungen (DSGVO, DSG 2000, TKG 2003). Nachfolgend informieren wir Sie \u00fcber die wichtigsten Aspekte der Datenverarbeitung im Rahmen unserer Website. F\u00fcr die Datenverarbeitung Verantwortlicher: Wowflow GmbHFN 499060 m Margaretentsra\u00dfe 70\/1\/9p\/A The Base1050 Wien Email [&hellip;]<\/p>\n","protected":false},"author":16,"featured_media":0,"parent":0,"menu_order":0,"comment_status":"closed","ping_status":"closed","template":"elementor_header_footer","meta":{"content-type":"","inline_featured_image":false,"footnotes":""},"pagetype":[],"class_list":["post-11140","page","type-page","status-publish","hentry"],"_links":{"self":[{"href":"https:\/\/wowflow.com\/en\/wp-json\/wp\/v2\/pages\/11140","targetHints":{"allow":["GET"]}}],"collection":[{"href":"https:\/\/wowflow.com\/en\/wp-json\/wp\/v2\/pages"}],"about":[{"href":"https:\/\/wowflow.com\/en\/wp-json\/wp\/v2\/types\/page"}],"author":[{"embeddable":true,"href":"https:\/\/wowflow.com\/en\/wp-json\/wp\/v2\/users\/16"}],"replies":[{"embeddable":true,"href":"https:\/\/wowflow.com\/en\/wp-json\/wp\/v2\/comments?post=11140"}],"version-history":[{"count":0,"href":"https:\/\/wowflow.com\/en\/wp-json\/wp\/v2\/pages\/11140\/revisions"}],"wp:attachment":[{"href":"https:\/\/wowflow.com\/en\/wp-json\/wp\/v2\/media?parent=11140"}],"wp:term":[{"taxonomy":"pagetype","embeddable":true,"href":"https:\/\/wowflow.com\/en\/wp-json\/wp\/v2\/pagetype?post=11140"}],"curies":[{"name":"wp","href":"https:\/\/api.w.org\/{rel}","templated":true}]}}